{"id":11,"date":"2017-02-03T12:57:13","date_gmt":"2017-02-03T11:57:13","guid":{"rendered":"http:\/\/dmon-parts.de\/cms\/?page_id=11"},"modified":"2018-02-16T17:25:16","modified_gmt":"2018-02-16T16:25:16","slug":"versandkosten","status":"publish","type":"page","link":"https:\/\/dmon-parts.de\/cms\/versandkosten\/","title":{"rendered":"Versandkosten"},"content":{"rendered":"<p>Der Versand erfolgt \u00fcber einen Paketzustelldienst an die Lieferadresse, die Sie bei Ihrer Bestellung angegeben haben.<\/p>\n<p><strong>ACHTUNG:<\/strong> Wir beliefern keine Packstationen.<\/p>\n<p>Unsere Versandkosten auf einen Blick<\/p>\n<p>Deutschland 7,- \u20ac, ab einem Bestellwert von \u20ac 200,- entfallen die Versandkosten in Deutschland<br \/>\n\u00d6sterreich 12,50 \u20ac<br \/>\nSchweiz 45,- \u20ac<\/p>\n<p>Europa* (ohne \u00d6sterreich und Schweiz) 25,- \u20ac<\/p>\n<p>USA 49,- \u20ac<br \/>\nrestliche L\u00e4nder** (lt. Auflistung): 49,-\u20ac<\/p>\n<p>Die Versandzeit betr\u00e4gt ca. 1-2 Tage<\/p>\n<p><strong>Neu in Deutschland:<\/strong> Selbstabholung<\/p>\n<p>Kunden in unserer N\u00e4he bieten wir die M\u00f6glichkeit, die Bestellung nach R\u00fccksprache direkt bei uns abzuholen<\/p>\n<p>&#8212;&#8212;&#8212;&#8212;&#8212;&#8212;<br \/>\nDmon-Parts liefert in folgende L\u00e4nder:<\/p>\n<p>Australien**, Belgien*, Brasilien, D\u00e4nemark*, Deutschland, Estland*, Finnland*, Frankreich*, Griechenland*, Italien*, Irland*, Kanada**, Lettland*, Litauen*, Luxemburg*, Malta*, Niederlande*, Norwegen*, \u00d6sterreich, Polen*, Portugal*, Schweden*, Schweiz, Slowakei*, Slowenien*, Spanien*, Tschechische Republik*, Ungarn*, Vereinigtes K\u00f6nigreich*, Zypern**<\/p>\n<p>Bei Lieferungen ins Ausland kann es leider zu Verz\u00f6gerungen kommen, auf die wir keinen Einfluss haben.<\/p>\n","protected":false},"excerpt":{"rendered":"<p>Der Versand erfolgt \u00fcber einen Paketzustelldienst an die Lieferadresse, die Sie bei Ihrer Bestellung angegeben haben. ACHTUNG: Wir beliefern keine Packstationen. Unsere Versandkosten auf einen Blick Deutschland 7,- \u20ac, ab einem Bestellwert von \u20ac 200,- entfallen die Versandkosten in Deutschland \u00d6sterreich 12,50 \u20ac Schweiz 45,- \u20ac Europa* (ohne \u00d6sterreich und Schweiz) 25,- \u20ac USA 49,- [&#8230;]\n","protected":false},"author":1,"featured_media":0,"parent":0,"menu_order":0,"comment_status":"closed","ping_status":"closed","template":"","meta":{"footnotes":""},"class_list":["post-11","page","type-page","status-publish","hentry"],"_links":{"self":[{"href":"https:\/\/dmon-parts.de\/cms\/wp-json\/wp\/v2\/pages\/11","targetHints":{"allow":["GET"]}}],"collection":[{"href":"https:\/\/dmon-parts.de\/cms\/wp-json\/wp\/v2\/pages"}],"about":[{"href":"https:\/\/dmon-parts.de\/cms\/wp-json\/wp\/v2\/types\/page"}],"author":[{"embeddable":true,"href":"https:\/\/dmon-parts.de\/cms\/wp-json\/wp\/v2\/users\/1"}],"replies":[{"embeddable":true,"href":"https:\/\/dmon-parts.de\/cms\/wp-json\/wp\/v2\/comments?post=11"}],"version-history":[{"count":5,"href":"https:\/\/dmon-parts.de\/cms\/wp-json\/wp\/v2\/pages\/11\/revisions"}],"predecessor-version":[{"id":2663,"href":"https:\/\/dmon-parts.de\/cms\/wp-json\/wp\/v2\/pages\/11\/revisions\/2663"}],"wp:attachment":[{"href":"https:\/\/dmon-parts.de\/cms\/wp-json\/wp\/v2\/media?parent=11"}],"curies":[{"name":"wp","href":"https:\/\/api.w.org\/{rel}","templated":true}]}}