{"id":11496,"date":"2026-02-11T07:53:45","date_gmt":"2026-02-11T06:53:45","guid":{"rendered":"https:\/\/dmon-parts.de\/cms\/?post_type=product&#038;p=11496"},"modified":"2026-02-17T19:26:02","modified_gmt":"2026-02-17T18:26:02","slug":"dmon-selettra-sml-12v-system-mit-licht-fuer-husqvarna-cr-wr-125-175-250-1971-1981","status":"publish","type":"product","link":"https:\/\/dmon-parts.de\/cms\/produkt\/dmon-selettra-sml-12v-system-mit-licht-fuer-husqvarna-cr-wr-125-175-250-1971-1981\/","title":{"rendered":"DMon Selettra SML 12V System mit Licht f\u00fcr Husqvarna CR \/ WR 125 175 250 1971-1981"},"content":{"rendered":"<h3>DMon Selettra SML 12V System mit Licht f\u00fcr Husqvarna CR \/ WR 125 175 250 1971-1981<\/h3>\n<p>Bestehend aus folgenden Komponenten:<\/p>\n<p>Dmon00131459 Spule A20 KZ<br \/>\nDmon00131992 Generatorstator SML 70W 48 mm 3200 Wdg 90 mm<br \/>\nDmon00131991 Selettra SML Rotor 1:7,5f\u00fcr Husqvarna CR \/ WR 125 175 250 1971-1981<\/p>\n<p>Dmon00088971 Z\u00fcndkerzenstecker 403030<br \/>\nDmon00131973 Gleichrichter Spannungsregler 12 V f. System m.Licht<\/p>\n<p>Beschreibung:<br \/>\nDas Lichtgeneratorsystem ist zum Erzeugen von Ladung f\u00fcr eine Bleibatterie oder zum Betreiben von<br \/>\nBeleuchtungssystemen oder anderen Ger\u00e4ten, die elektrischen Strom ben\u00f6tigen, konzipiert.<\/p>\n<p>Hauptmerkmale:<br \/>\n\u2022 Bis zu 7 A Leistung<br \/>\n\u2022 14.000 U\/min maximale Rotationsgeschwindigkeit<br \/>\n\u2022 Rotation im und gegen den Uhrzeigersinn<br \/>\nVorteile:<br \/>\n\u2022 Leistungs-Gewichts-Verh\u00e4ltnis<br \/>\n\u2022 Keine Elektronik am Generator<br \/>\n\u2022 Reduzierte Tr\u00e4gheit im Vergleich zu Au\u00dfenl\u00e4ufergeneratoren<br \/>\nTypische Anwendung:<br \/>\n\u2022 Motorradrennsportanwendung 2T und 4T<br \/>\n\u2022 Anwendungen f\u00fcr Luftfahrttechnik 2T und 4T<br \/>\n\u2022 F\u00fcr analoge und digitale Spulen<\/p>\n<p>Technische Daten:<br \/>\nDrehzahl im Betrieb&#8230;&#8230;&#8230;&#8230; max. 14000 U\/min<br \/>\nDrehung&#8230;&#8230;&#8230;&#8230;. im Uhrzeigersinn oder gegen den Uhrzeigersinn<br \/>\nSteckertyp&#8230;&#8230;&#8230;&#8230;&#8230;&#8230;&#8230;&#8230;.\u2026\u2026\u2026&#8230;&#8230;. 3p ELMAC<br \/>\nTemperatur max&#8230;&#8230;&#8230;&#8230;&#8230;&#8230;&#8230;&#8230;&#8230;&#8230;&#8230;. 80 \u00b0C<br \/>\nGeregelte Spannung&#8230;&#8230;&#8230;&#8230;&#8230;&#8230;&#8230;&#8230;.. 14,5 \u00b1 0,5 V<br \/>\nStatorkabell\u00e4nge&#8230;&#8230;&#8230;&#8230;&#8230;&#8230;&#8230;&#8230;\u2026&#8230;&#8230; 300 mm<br \/>\nGeneratorkabell\u00e4nge&#8230;&#8230;&#8230;&#8230;&#8230;&#8230;&#8230;&#8230;&#8230; 350 mm<br \/>\nStatorgewicht&#8230;&#8230;&#8230;&#8230;&#8230;&#8230;&#8230;&#8230;&#8230;&#8230;&#8230;&#8230;&#8230; 480 g<br \/>\nRotorgewicht&#8230;&#8230;&#8230;&#8230;&#8230;&#8230;&#8230;&#8230;&#8230;&#8230;&#8230;&#8230;&#8230;. 250 g<br \/>\nReglergewicht&#8230;&#8230;&#8230;&#8230;&#8230;&#8230;&#8230;&#8230;&#8230;&#8230;&#8230;&#8230;.. 135 g<br \/>\nHinweis:<br \/>\nVerwenden Sie den Generator immer mit einer an die 12-V-Batterie<br \/>\nangeschlossenen Last.<\/p>\n<h3><\/h3>\n","protected":false},"excerpt":{"rendered":"<p>DMon Selettra SML 12V System mit Licht f\u00fcr Husqvarna CR \/ WR 125 175 250 1971-1981<\/p>\n<p>&nbsp;<\/p>\n<p><strong>\u00a0<\/strong><\/p>\n","protected":false},"featured_media":10921,"comment_status":"open","ping_status":"closed","template":"","meta":[],"product_brand":[1282],"product_cat":[324,1280],"product_tag":[351,1283],"class_list":{"0":"post-11496","1":"product","2":"type-product","3":"status-publish","4":"has-post-thumbnail","6":"product_brand-dmon-sml-system-mit-licht","7":"product_cat-husky-crwr-125-175-250-1971-1981","8":"product_cat-sml-komplettanlagen","9":"product_tag-husqvarna","10":"product_tag-sml","11":"product_shipping_class-ups","13":"first","14":"instock","15":"featured","16":"taxable","17":"shipping-taxable","18":"purchasable","19":"product-type-simple"},"_links":{"self":[{"href":"https:\/\/dmon-parts.de\/cms\/wp-json\/wp\/v2\/product\/11496","targetHints":{"allow":["GET"]}}],"collection":[{"href":"https:\/\/dmon-parts.de\/cms\/wp-json\/wp\/v2\/product"}],"about":[{"href":"https:\/\/dmon-parts.de\/cms\/wp-json\/wp\/v2\/types\/product"}],"replies":[{"embeddable":true,"href":"https:\/\/dmon-parts.de\/cms\/wp-json\/wp\/v2\/comments?post=11496"}],"wp:featuredmedia":[{"embeddable":true,"href":"https:\/\/dmon-parts.de\/cms\/wp-json\/wp\/v2\/media\/10921"}],"wp:attachment":[{"href":"https:\/\/dmon-parts.de\/cms\/wp-json\/wp\/v2\/media?parent=11496"}],"wp:term":[{"taxonomy":"product_brand","embeddable":true,"href":"https:\/\/dmon-parts.de\/cms\/wp-json\/wp\/v2\/product_brand?post=11496"},{"taxonomy":"product_cat","embeddable":true,"href":"https:\/\/dmon-parts.de\/cms\/wp-json\/wp\/v2\/product_cat?post=11496"},{"taxonomy":"product_tag","embeddable":true,"href":"https:\/\/dmon-parts.de\/cms\/wp-json\/wp\/v2\/product_tag?post=11496"}],"curies":[{"name":"wp","href":"https:\/\/api.w.org\/{rel}","templated":true}]}}