{"id":2129,"date":"2017-08-31T19:58:03","date_gmt":"2017-08-31T17:58:03","guid":{"rendered":"http:\/\/dmon-parts.de\/cms\/?post_type=product&#038;p=2129"},"modified":"2026-02-18T11:18:58","modified_gmt":"2026-02-18T10:18:58","slug":"elektronischer-zuender-427100-zuendmodul-zuendspule-alte-nummer-105427","status":"publish","type":"product","link":"https:\/\/dmon-parts.de\/cms\/produkt\/elektronischer-zuender-427100-zuendmodul-zuendspule-alte-nummer-105427\/","title":{"rendered":"Elektronischer Z\u00fcnder 427100 Z\u00fcndmodul Z\u00fcndspule, alte Nummer 105427"},"content":{"rendered":"<div id=\"tabContent\" class=\"artikelDetailTabBox\">\n<p>Elektronischer Z\u00fcnder 427100 Z\u00fcndmodul Z\u00fcndspule, alte Nummer 105427<\/p>\n<\/div>\n","protected":false},"excerpt":{"rendered":"<div id=\"tabContent\" class=\"artikelDetailTabBox\">\n<p>Elektronischer Z\u00fcnder 427100 Z\u00fcndmodul Z\u00fcndspule, alte Nummer 105427<\/p>\n<\/div>\n","protected":false},"featured_media":2130,"comment_status":"open","ping_status":"closed","template":"","meta":[],"product_brand":[1287],"product_cat":[46],"product_tag":[399,400,398,770],"class_list":{"0":"post-2129","1":"product","2":"type-product","3":"status-publish","4":"has-post-thumbnail","6":"product_brand-pvl-zuendungen","7":"product_cat-pvl-ignitions-pvl-coils-analog-coil","8":"product_tag-105-427","9":"product_tag-400","10":"product_tag-398","11":"product_tag-pvl-spule","12":"product_shipping_class-ups","14":"first","15":"instock","16":"featured","17":"taxable","18":"shipping-taxable","19":"purchasable","20":"product-type-simple"},"_links":{"self":[{"href":"https:\/\/dmon-parts.de\/cms\/wp-json\/wp\/v2\/product\/2129","targetHints":{"allow":["GET"]}}],"collection":[{"href":"https:\/\/dmon-parts.de\/cms\/wp-json\/wp\/v2\/product"}],"about":[{"href":"https:\/\/dmon-parts.de\/cms\/wp-json\/wp\/v2\/types\/product"}],"replies":[{"embeddable":true,"href":"https:\/\/dmon-parts.de\/cms\/wp-json\/wp\/v2\/comments?post=2129"}],"wp:featuredmedia":[{"embeddable":true,"href":"https:\/\/dmon-parts.de\/cms\/wp-json\/wp\/v2\/media\/2130"}],"wp:attachment":[{"href":"https:\/\/dmon-parts.de\/cms\/wp-json\/wp\/v2\/media?parent=2129"}],"wp:term":[{"taxonomy":"product_brand","embeddable":true,"href":"https:\/\/dmon-parts.de\/cms\/wp-json\/wp\/v2\/product_brand?post=2129"},{"taxonomy":"product_cat","embeddable":true,"href":"https:\/\/dmon-parts.de\/cms\/wp-json\/wp\/v2\/product_cat?post=2129"},{"taxonomy":"product_tag","embeddable":true,"href":"https:\/\/dmon-parts.de\/cms\/wp-json\/wp\/v2\/product_tag?post=2129"}],"curies":[{"name":"wp","href":"https:\/\/api.w.org\/{rel}","templated":true}]}}