{"id":3483,"date":"2019-10-18T10:09:39","date_gmt":"2019-10-18T08:09:39","guid":{"rendered":"https:\/\/dmon-parts.de\/cms\/?post_type=product&#038;p=3483"},"modified":"2025-02-20T09:05:49","modified_gmt":"2025-02-20T08:05:49","slug":"scott-prospect-wfs-brille-mit-roll-off-system-50-mm-fuer-motorcross-enduro-speedway-autocross-white-red","status":"publish","type":"product","link":"https:\/\/dmon-parts.de\/cms\/produkt\/scott-prospect-wfs-brille-mit-roll-off-system-50-mm-fuer-motorcross-enduro-speedway-autocross-white-red\/","title":{"rendered":"SCOTT Prospect WFS Brille mit Roll-Off System 50 mm f\u00fcr Motorcross Enduro Speedway Autocross white\/red Rolloff VK: 139,90"},"content":{"rendered":"<div class=\"product_specs__content--inner\">\n<div class=\"row\">\n<div class=\"col-md-6\">\n<ul class=\"specs-list specs-list--main\">\n<li>\n<h4>Key Features<\/h4>\n<ul class=\"key-features\">\n<li>Gro\u00dfer 50\u00a0mm-Film<\/li>\n<li>Klickkanister<\/li>\n<li>Anti-Stick-Grid mit Schmutzf\u00e4nger<\/li>\n<li>Scheibeneinrastsystem<\/li>\n<li>Outrigger-System<\/li>\n<\/ul>\n<\/li>\n<li class=\"specs-list__item specs-list__item--intro\">Die SCOTT Prospect WFS Schutzbrille ist mit den gleichen leistungsstarken Eigenschaften wie die Prospect ausgestattet. Ihr WFS Roll-Off System sorgt auch in extrem matschigen Situationen f\u00fcr ungehinderte Sicht. Die Kanister k\u00f6nnen \u00fcber WORKS Pins unkompliziert und zeitsparend direkt an der Scheibe befestigt werden. Die Montage erfolgt vollkommen m\u00fchelos, da kein Werkzeug ben\u00f6tigt wird. Auch der Wechsel von Roll-Off zu Tear-Off wird so vereinfacht und beschleunigt. Das verbesserte, transparente Anti-Stick Grid mit transparentem Mudflap bietet nicht nur ein gr\u00f6\u00dferes Sehfeld, sondern vereinfacht auch das Anbringen der Beh\u00e4lter und das Einschieben der Scheibe, die am oberen Rand besser abgedichtet wird.<\/li>\n<li class=\"specs-list__item\">\n<h4 class=\"specs-list__title\">Frame Technolgies<\/h4>\n<div class=\"specs-list__content\">Beh\u00e4lter f\u00fcr WORKS 50-mm-Folien<br \/>\nSCOTT Anti-Stick-Grid mit Schmutzf\u00e4nger<br \/>\nScheibeneinrastsystem<br \/>\nOutrigger-System<br \/>\nNoSweat 3-lagig geformter Face Foam<br \/>\nExtrabreiter widerstandsf\u00e4higer Strap mit Silikon<\/div>\n<\/li>\n<li class=\"specs-list__item\">\n<h4 class=\"specs-list__title\">Scheiben-Technologien<\/h4>\n<div class=\"specs-list__content\">SCOTT TruView WORKS Scheibe<br \/>\nNoFog\u2122 Anti-Fog-Beschichtung<\/div>\n<\/li>\n<li class=\"specs-list__item\">\n<h4 class=\"specs-list__title\">Extras<\/h4>\n<div class=\"specs-list__content\">Zwei\u00a0Filmrollen<br \/>\nMikrofasertasche<br \/>\nNasenschutz<\/div>\n<\/li>\n<\/ul>\n<\/div>\n<\/div>\n<\/div>\n<p>&nbsp;<\/p>\n<p>&nbsp;<\/p>\n","protected":false},"excerpt":{"rendered":"<h3>SCOTT Prospect WFS Brille mit Roll-Off System 50 mm f\u00fcr Motorcross Enduro Speedway Autocross white\/red<\/h3>\n","protected":false},"featured_media":3484,"comment_status":"open","ping_status":"closed","template":"","meta":[],"product_brand":[],"product_cat":[970],"product_tag":[981,978,977,980,976,979,974,975],"class_list":{"0":"post-3483","1":"product","2":"type-product","3":"status-publish","4":"has-post-thumbnail","6":"product_cat-scott-prospect-wfs-roll-off-brille","7":"product_tag-981","8":"product_tag-50-mm","9":"product_tag-light-senitive","10":"product_tag-oakley","11":"product_tag-prospect","12":"product_tag-roll-off","13":"product_tag-scott","14":"product_tag-wfs","15":"product_shipping_class-ups","17":"first","18":"instock","19":"taxable","20":"shipping-taxable","21":"purchasable","22":"product-type-simple"},"_links":{"self":[{"href":"https:\/\/dmon-parts.de\/cms\/wp-json\/wp\/v2\/product\/3483","targetHints":{"allow":["GET"]}}],"collection":[{"href":"https:\/\/dmon-parts.de\/cms\/wp-json\/wp\/v2\/product"}],"about":[{"href":"https:\/\/dmon-parts.de\/cms\/wp-json\/wp\/v2\/types\/product"}],"replies":[{"embeddable":true,"href":"https:\/\/dmon-parts.de\/cms\/wp-json\/wp\/v2\/comments?post=3483"}],"wp:featuredmedia":[{"embeddable":true,"href":"https:\/\/dmon-parts.de\/cms\/wp-json\/wp\/v2\/media\/3484"}],"wp:attachment":[{"href":"https:\/\/dmon-parts.de\/cms\/wp-json\/wp\/v2\/media?parent=3483"}],"wp:term":[{"taxonomy":"product_brand","embeddable":true,"href":"https:\/\/dmon-parts.de\/cms\/wp-json\/wp\/v2\/product_brand?post=3483"},{"taxonomy":"product_cat","embeddable":true,"href":"https:\/\/dmon-parts.de\/cms\/wp-json\/wp\/v2\/product_cat?post=3483"},{"taxonomy":"product_tag","embeddable":true,"href":"https:\/\/dmon-parts.de\/cms\/wp-json\/wp\/v2\/product_tag?post=3483"}],"curies":[{"name":"wp","href":"https:\/\/api.w.org\/{rel}","templated":true}]}}