{"id":3522,"date":"2019-10-18T11:39:47","date_gmt":"2019-10-18T09:39:47","guid":{"rendered":"https:\/\/dmon-parts.de\/cms\/?post_type=product&#038;p=3522"},"modified":"2026-03-22T17:08:41","modified_gmt":"2026-03-22T16:08:41","slug":"scott-prospect-fuer-motorcross-enduro-speedway-autocross-kaki-green-yellow-chrome-works","status":"publish","type":"product","link":"https:\/\/dmon-parts.de\/cms\/produkt\/scott-prospect-fuer-motorcross-enduro-speedway-autocross-kaki-green-yellow-chrome-works\/","title":{"rendered":"SCOTT Prospect f\u00fcr Motorcross Enduro Speedway Autocross kaki green yellow chrome works verspiegeltes Glas VK:139,95"},"content":{"rendered":"<h4>Key Features<\/h4>\n<ul class=\"key-features\">\n<li>Maximales Sichtfeld<\/li>\n<li>Scheibeneinrastsystem<\/li>\n<li>Outrigger-System<\/li>\n<li>No Sweat 3-layer molded face foam<\/li>\n<li>Transparentes Ersatzglas inklusive<\/li>\n<\/ul>\n<p>&nbsp;<\/p>\n<div class=\"product_specs__content--inner\">\n<div class=\"row\">\n<div class=\"col-md-6\">\n<ul class=\"specs-list specs-list--main\">\n<li class=\"specs-list__item specs-list__item--intro\">Nach drei unglaublichen Erfolgsjahren ist SCOTT in Sachen Brillendesign wieder mal einen Schritt voraus. Die Prospect Brille ist da und hat alles, was du brauchst: Ausgekl\u00fcgelte Eigenschaften wie der NoSweat Face Foam, das maximale Sichtfeld, das innovative SCOTT Scheibeneinraststystem, die beweglichen Ausleger und noch viel mehr. Hol dir eines der neuen, modischen Designs und sch\u00fctze deine Sicht w\u00e4hrend du um den Sieg k\u00e4mpfst.<\/li>\n<li class=\"specs-list__item\">\n<h4 class=\"specs-list__title\">Frame Technolgies<\/h4>\n<div class=\"specs-list__content\">Scheibeneinrastsystem<br \/>\nOutrigger-System<br \/>\nNoSweat 3-lagig geformter Face Foam<br \/>\nExtrabreiter widerstandsf\u00e4higer Strap mit Silikon<\/div>\n<\/li>\n<li class=\"specs-list__item\">\n<h4 class=\"specs-list__title\">Scheiben-Technologien<\/h4>\n<div class=\"specs-list__content\">SCOTT TruView WORKS Scheibe<br \/>\nNoFog\u2122 Anti-Fog-Beschichtung<\/div>\n<\/li>\n<li class=\"specs-list__item\">\n<h4 class=\"specs-list__title\">Extras<\/h4>\n<div class=\"specs-list__content\">Transparentes Ersatzglas inklusive<br \/>\nMikrofasertasche<br \/>\nNasenschutz<\/div>\n<\/li>\n<\/ul>\n<\/div>\n<\/div>\n<\/div>\n<p>&nbsp;<\/p>\n","protected":false},"excerpt":{"rendered":"<h3>SCOTT Prospect f\u00fcr Motorcross Enduro Speedway Autocross kaki green yellow chrome works<\/h3>\n","protected":false},"featured_media":3523,"comment_status":"open","ping_status":"closed","template":"","meta":[],"product_brand":[],"product_cat":[987],"product_tag":[981,978,977,980,976,979,974,975],"class_list":{"0":"post-3522","1":"product","2":"type-product","3":"status-publish","4":"has-post-thumbnail","6":"product_cat-scott-prospect-mit-verspeigeltem-glas","7":"product_tag-981","8":"product_tag-50-mm","9":"product_tag-light-senitive","10":"product_tag-oakley","11":"product_tag-prospect","12":"product_tag-roll-off","13":"product_tag-scott","14":"product_tag-wfs","15":"product_shipping_class-ups","17":"first","18":"instock","19":"taxable","20":"shipping-taxable","21":"purchasable","22":"product-type-simple"},"_links":{"self":[{"href":"https:\/\/dmon-parts.de\/cms\/wp-json\/wp\/v2\/product\/3522","targetHints":{"allow":["GET"]}}],"collection":[{"href":"https:\/\/dmon-parts.de\/cms\/wp-json\/wp\/v2\/product"}],"about":[{"href":"https:\/\/dmon-parts.de\/cms\/wp-json\/wp\/v2\/types\/product"}],"replies":[{"embeddable":true,"href":"https:\/\/dmon-parts.de\/cms\/wp-json\/wp\/v2\/comments?post=3522"}],"wp:featuredmedia":[{"embeddable":true,"href":"https:\/\/dmon-parts.de\/cms\/wp-json\/wp\/v2\/media\/3523"}],"wp:attachment":[{"href":"https:\/\/dmon-parts.de\/cms\/wp-json\/wp\/v2\/media?parent=3522"}],"wp:term":[{"taxonomy":"product_brand","embeddable":true,"href":"https:\/\/dmon-parts.de\/cms\/wp-json\/wp\/v2\/product_brand?post=3522"},{"taxonomy":"product_cat","embeddable":true,"href":"https:\/\/dmon-parts.de\/cms\/wp-json\/wp\/v2\/product_cat?post=3522"},{"taxonomy":"product_tag","embeddable":true,"href":"https:\/\/dmon-parts.de\/cms\/wp-json\/wp\/v2\/product_tag?post=3522"}],"curies":[{"name":"wp","href":"https:\/\/api.w.org\/{rel}","templated":true}]}}