{"id":9136,"date":"2021-09-22T14:37:55","date_gmt":"2021-09-22T12:37:55","guid":{"rendered":"https:\/\/dmon-parts.de\/cms\/?post_type=product&#038;p=9136"},"modified":"2026-02-17T22:44:20","modified_gmt":"2026-02-17T21:44:20","slug":"selettra-komplett-system-no2019-fuer-honda-cr-500-1984-2001","status":"publish","type":"product","link":"https:\/\/dmon-parts.de\/cms\/produkt\/selettra-komplett-system-no2019-fuer-honda-cr-500-1984-2001\/","title":{"rendered":"Selettra komplett System A11 f\u00fcr Honda CR 500 1984-2001 CR500R Z\u00fcndfunke ab 400RPM"},"content":{"rendered":"<p><strong>Selettra komplett System A11 f\u00fcr Honda CR 500 1984-2001 CR500R bestehend aus:<\/strong><\/p>\n<ul>\n<li>1 x DMon00131931 Selettra Spule A11<\/li>\n<li>1 x DMon00131932 Selettra Stator A11\u00a0 90 mm 3700 Windungen<\/li>\n<li>1 x DMon00131237 Selettra Rotor P3356 Konus 1:5 Durchmesser 58\u00a0 mm<\/li>\n<li>1 x DMon00088971 Kerzenstecker 403030<\/li>\n<li>\u00a01 x DMon00131289 Adapterplate Honda CR 125 \/ 250 \/ 500<\/li>\n<li>Z\u00fcndfunke wird schon ab ca. 400 RPM erzeugt, dies ist perfekt zum Starten<\/li>\n<\/ul>\n","protected":false},"excerpt":{"rendered":"<p>Selettra komplett System A11 f\u00fcr Honda CR 500 1984-2001 CR500R<\/p>\n<p>&nbsp;<\/p>\n<p>&nbsp;<\/p>\n<p><strong>\u00a0<\/strong><\/p>\n","protected":false},"featured_media":9401,"comment_status":"open","ping_status":"closed","template":"","meta":[],"product_brand":[1288],"product_cat":[172,1174],"product_tag":[1160,1161,1162],"class_list":{"0":"post-9136","1":"product","2":"type-product","3":"status-publish","4":"has-post-thumbnail","6":"product_brand-selettra-zuendungen","7":"product_cat-bikes-engines-a-k-honda-honda-cr-500","8":"product_cat-selettra-a11-komplett-system","9":"product_tag-honda-cr-125","10":"product_tag-honda-cr-250","11":"product_tag-honda-cr-500","12":"product_shipping_class-ups","14":"first","15":"instock","16":"featured","17":"taxable","18":"shipping-taxable","19":"purchasable","20":"product-type-simple"},"_links":{"self":[{"href":"https:\/\/dmon-parts.de\/cms\/wp-json\/wp\/v2\/product\/9136","targetHints":{"allow":["GET"]}}],"collection":[{"href":"https:\/\/dmon-parts.de\/cms\/wp-json\/wp\/v2\/product"}],"about":[{"href":"https:\/\/dmon-parts.de\/cms\/wp-json\/wp\/v2\/types\/product"}],"replies":[{"embeddable":true,"href":"https:\/\/dmon-parts.de\/cms\/wp-json\/wp\/v2\/comments?post=9136"}],"wp:featuredmedia":[{"embeddable":true,"href":"https:\/\/dmon-parts.de\/cms\/wp-json\/wp\/v2\/media\/9401"}],"wp:attachment":[{"href":"https:\/\/dmon-parts.de\/cms\/wp-json\/wp\/v2\/media?parent=9136"}],"wp:term":[{"taxonomy":"product_brand","embeddable":true,"href":"https:\/\/dmon-parts.de\/cms\/wp-json\/wp\/v2\/product_brand?post=9136"},{"taxonomy":"product_cat","embeddable":true,"href":"https:\/\/dmon-parts.de\/cms\/wp-json\/wp\/v2\/product_cat?post=9136"},{"taxonomy":"product_tag","embeddable":true,"href":"https:\/\/dmon-parts.de\/cms\/wp-json\/wp\/v2\/product_tag?post=9136"}],"curies":[{"name":"wp","href":"https:\/\/api.w.org\/{rel}","templated":true}]}}