{"id":9961,"date":"2023-02-28T13:21:26","date_gmt":"2023-02-28T12:21:26","guid":{"rendered":"https:\/\/dmon-parts.de\/cms\/?post_type=product&#038;p=9961"},"modified":"2026-01-19T18:31:53","modified_gmt":"2026-01-19T17:31:53","slug":"zentrierring-o-90-o-94-adapterring-fuer-selettra-und-pvl-statoren-von-90-auf-94-mm","status":"publish","type":"product","link":"https:\/\/dmon-parts.de\/cms\/produkt\/zentrierring-o-90-o-94-adapterring-fuer-selettra-und-pvl-statoren-von-90-auf-94-mm\/","title":{"rendered":"Zentrierring \u00d8 90 \/ \u00d8 94 Adapterring  f\u00fcr Selettra und PVL Statoren von 90 auf 94 mm"},"content":{"rendered":"<h3>Zentrierring \u00d8 90 \/ \u00d8 94 Adapterring f\u00fcr Selettra und PVL Statoren von 90 auf 94 mm<\/h3>\n<p>Wenn man zb einen 90 mm PVL oder Selettra Stator hat kann man einfach den Zentrierring aufsetzten und hat anschlie\u00dfend eine 94 mm Grundplatte<\/p>\n<p>&nbsp;<\/p>\n","protected":false},"excerpt":{"rendered":"<h3>Zentrierring \u00d8 90 \/ \u00d8 94 Adapterring f\u00fcr Selettra und PVL Statoren von 90 auf 94 mm<\/h3>\n<p>&nbsp;<\/p>\n","protected":false},"featured_media":9962,"comment_status":"open","ping_status":"closed","template":"","meta":[],"product_brand":[],"product_cat":[206,207,87,145],"product_tag":[474,1240],"class_list":{"0":"post-9961","1":"product","2":"type-product","3":"status-publish","4":"has-post-thumbnail","6":"product_cat-selettra-zubehoer","7":"product_cat-pvl-ignitions-pvl-accessories","8":"product_cat-zubehoer-accessories","9":"product_cat-fitting-plates","10":"product_tag-adapterring","11":"product_tag-zentrierring","12":"product_shipping_class-ups","14":"first","15":"instock","16":"featured","17":"taxable","18":"shipping-taxable","19":"purchasable","20":"product-type-simple"},"_links":{"self":[{"href":"https:\/\/dmon-parts.de\/cms\/wp-json\/wp\/v2\/product\/9961","targetHints":{"allow":["GET"]}}],"collection":[{"href":"https:\/\/dmon-parts.de\/cms\/wp-json\/wp\/v2\/product"}],"about":[{"href":"https:\/\/dmon-parts.de\/cms\/wp-json\/wp\/v2\/types\/product"}],"replies":[{"embeddable":true,"href":"https:\/\/dmon-parts.de\/cms\/wp-json\/wp\/v2\/comments?post=9961"}],"wp:featuredmedia":[{"embeddable":true,"href":"https:\/\/dmon-parts.de\/cms\/wp-json\/wp\/v2\/media\/9962"}],"wp:attachment":[{"href":"https:\/\/dmon-parts.de\/cms\/wp-json\/wp\/v2\/media?parent=9961"}],"wp:term":[{"taxonomy":"product_brand","embeddable":true,"href":"https:\/\/dmon-parts.de\/cms\/wp-json\/wp\/v2\/product_brand?post=9961"},{"taxonomy":"product_cat","embeddable":true,"href":"https:\/\/dmon-parts.de\/cms\/wp-json\/wp\/v2\/product_cat?post=9961"},{"taxonomy":"product_tag","embeddable":true,"href":"https:\/\/dmon-parts.de\/cms\/wp-json\/wp\/v2\/product_tag?post=9961"}],"curies":[{"name":"wp","href":"https:\/\/api.w.org\/{rel}","templated":true}]}}